{"id":298,"date":"2023-03-12T02:09:44","date_gmt":"2023-03-12T02:09:44","guid":{"rendered":"https:\/\/www.lowell-beauty.com\/?post_type=product&#038;p=298"},"modified":"2024-01-25T00:21:51","modified_gmt":"2024-01-25T00:21:51","slug":"shampooing-a-lail-copy","status":"publish","type":"product","link":"https:\/\/www.lowell-beauty.com\/?product=shampooing-a-lail-copy","title":{"rendered":"Shampoing cheveux color\u00e9s"},"content":{"rendered":"<p>Sublimez la beaut\u00e9 \u00e9clatante de vos cheveux color\u00e9s avec notre shampooing d\u00e9di\u00e9. Formul\u00e9 sp\u00e9cialement pour r\u00e9pondre aux besoins des cheveux trait\u00e9s chimiquement, ce shampooing prolonge la dur\u00e9e de vie de votre couleur tout en pr\u00e9servant l&#8217;\u00e9clat initial. Enrichi en agents nourrissants et en antioxydants, il prot\u00e8ge vos cheveux des agressions ext\u00e9rieures et des effets d\u00e9colorants du soleil. Sa formule d\u00e9licate nettoie en douceur tout en maintenant l&#8217;hydratation, laissant vos cheveux doux, soyeux et pleins de vitalit\u00e9. Adoptez notre shampooing pour cheveux color\u00e9s et offrez \u00e0 votre couleur une protection et une brillance durables, pour une chevelure \u00e9blouissante \u00e0 chaque instant.<\/p>\n","protected":false},"excerpt":{"rendered":"<p>Sublimez la beaut\u00e9 \u00e9clatante de vos cheveux color\u00e9s avec notre shampooing d\u00e9di\u00e9. Formul\u00e9 sp\u00e9cialement pour r\u00e9pondre aux besoins des cheveux trait\u00e9s chimiquement, ce shampooing prolonge la dur\u00e9e de vie de votre couleur tout en pr\u00e9servant l&#8217;\u00e9clat initial. Enrichi en agents nourrissants et en antioxydants, il prot\u00e8ge vos cheveux des agressions ext\u00e9rieures et des effets d\u00e9colorants du soleil. Sa formule d\u00e9licate nettoie en douceur tout en maintenant l&#8217;hydratation, laissant vos cheveux doux, soyeux et pleins de vitalit\u00e9. Adoptez notre shampooing pour cheveux color\u00e9s et offrez \u00e0 votre couleur une protection et une brillance durables, pour une chevelure \u00e9blouissante \u00e0 chaque instant.<\/p>\n","protected":false},"featured_media":261,"comment_status":"open","ping_status":"closed","template":"","meta":[],"product_cat":[20],"product_tag":[],"class_list":{"0":"post-298","1":"product","2":"type-product","3":"status-publish","4":"has-post-thumbnail","6":"product_cat-shampooing","8":"entry","9":"has-media","11":"first","12":"instock","13":"shipping-taxable","14":"product-type-simple","15":"has-product-nav","16":"col","17":"span_1_of_5","18":"owp-content-center","19":"owp-thumbs-layout-vertical","20":"owp-btn-normal","21":"owp-tabs-layout-horizontal"},"_links":{"self":[{"href":"https:\/\/www.lowell-beauty.com\/index.php?rest_route=\/wp\/v2\/product\/298","targetHints":{"allow":["GET"]}}],"collection":[{"href":"https:\/\/www.lowell-beauty.com\/index.php?rest_route=\/wp\/v2\/product"}],"about":[{"href":"https:\/\/www.lowell-beauty.com\/index.php?rest_route=\/wp\/v2\/types\/product"}],"replies":[{"embeddable":true,"href":"https:\/\/www.lowell-beauty.com\/index.php?rest_route=%2Fwp%2Fv2%2Fcomments&post=298"}],"wp:featuredmedia":[{"embeddable":true,"href":"https:\/\/www.lowell-beauty.com\/index.php?rest_route=\/wp\/v2\/media\/261"}],"wp:attachment":[{"href":"https:\/\/www.lowell-beauty.com\/index.php?rest_route=%2Fwp%2Fv2%2Fmedia&parent=298"}],"wp:term":[{"taxonomy":"product_cat","embeddable":true,"href":"https:\/\/www.lowell-beauty.com\/index.php?rest_route=%2Fwp%2Fv2%2Fproduct_cat&post=298"},{"taxonomy":"product_tag","embeddable":true,"href":"https:\/\/www.lowell-beauty.com\/index.php?rest_route=%2Fwp%2Fv2%2Fproduct_tag&post=298"}],"curies":[{"name":"wp","href":"https:\/\/api.w.org\/{rel}","templated":true}]}}