{"id":299,"date":"2023-03-12T02:10:25","date_gmt":"2023-03-12T02:10:25","guid":{"rendered":"https:\/\/www.lowell-beauty.com\/?post_type=product&#038;p=299"},"modified":"2023-03-14T12:24:45","modified_gmt":"2023-03-14T12:24:45","slug":"shampooing-a-lail-copy-copy","status":"publish","type":"product","link":"https:\/\/www.lowell-beauty.com\/?product=shampooing-a-lail-copy-copy","title":{"rendered":"Shampooing \u00e0 la k\u00e9ratine"},"content":{"rendered":"<p>La k\u00e9ratine est un type de prot\u00e9ine naturelle qui repr\u00e9sente environ 88% des cheveux. Il contient un pourcentage \u00e9l\u00e9v\u00e9 de polycystine, qui est l&#8217;un des acides amin\u00e9s.<\/p>\n<p>L&#8217;une des propri\u00e9t\u00e9s du shampooing \u00e0 la k\u00e9ratine est qu&#8217;il r\u00e9pare les cheveux\u00a0 faibles et abim\u00e9s, am\u00e9liore leur croissance, r\u00e9duit les risques de dommages et pr\u00e9serve \u00e9galement les cheveux teints.<\/p>\n<p>Ingr\u00e9dients italiens et formule 100% originale sous license espagnole<\/p>\n","protected":false},"excerpt":{"rendered":"<p>La k\u00e9ratine est un type de prot\u00e9ine naturelle qui repr\u00e9sente environ 88% des cheveux. Il contient un pourcentage \u00e9l\u00e9v\u00e9 de polycystine, qui est l&#8217;un des acides amin\u00e9s.<\/p>\n<p>L&#8217;une des propri\u00e9t\u00e9s du shampooing \u00e0 la k\u00e9ratine est qu&#8217;il r\u00e9pare les cheveux\u00a0 faibles et abim\u00e9s, am\u00e9liore leur croissance, r\u00e9duit les risques de dommages et pr\u00e9serve \u00e9galement les cheveux teints.<\/p>\n<p>Ingr\u00e9dients italiens et formule 100% originale sous license espagnole<\/p>\n","protected":false},"featured_media":267,"comment_status":"open","ping_status":"closed","template":"","meta":[],"product_cat":[20],"product_tag":[],"class_list":{"0":"post-299","1":"product","2":"type-product","3":"status-publish","4":"has-post-thumbnail","6":"product_cat-shampooing","8":"entry","9":"has-media","11":"first","12":"instock","13":"shipping-taxable","14":"product-type-simple","15":"has-product-nav","16":"col","17":"span_1_of_5","18":"owp-content-center","19":"owp-thumbs-layout-vertical","20":"owp-btn-normal","21":"owp-tabs-layout-horizontal"},"_links":{"self":[{"href":"https:\/\/www.lowell-beauty.com\/index.php?rest_route=\/wp\/v2\/product\/299","targetHints":{"allow":["GET"]}}],"collection":[{"href":"https:\/\/www.lowell-beauty.com\/index.php?rest_route=\/wp\/v2\/product"}],"about":[{"href":"https:\/\/www.lowell-beauty.com\/index.php?rest_route=\/wp\/v2\/types\/product"}],"replies":[{"embeddable":true,"href":"https:\/\/www.lowell-beauty.com\/index.php?rest_route=%2Fwp%2Fv2%2Fcomments&post=299"}],"wp:featuredmedia":[{"embeddable":true,"href":"https:\/\/www.lowell-beauty.com\/index.php?rest_route=\/wp\/v2\/media\/267"}],"wp:attachment":[{"href":"https:\/\/www.lowell-beauty.com\/index.php?rest_route=%2Fwp%2Fv2%2Fmedia&parent=299"}],"wp:term":[{"taxonomy":"product_cat","embeddable":true,"href":"https:\/\/www.lowell-beauty.com\/index.php?rest_route=%2Fwp%2Fv2%2Fproduct_cat&post=299"},{"taxonomy":"product_tag","embeddable":true,"href":"https:\/\/www.lowell-beauty.com\/index.php?rest_route=%2Fwp%2Fv2%2Fproduct_tag&post=299"}],"curies":[{"name":"wp","href":"https:\/\/api.w.org\/{rel}","templated":true}]}}