{"id":300,"date":"2023-03-12T02:10:41","date_gmt":"2023-03-12T02:10:41","guid":{"rendered":"https:\/\/www.lowell-beauty.com\/?post_type=product&#038;p=300"},"modified":"2023-03-12T21:46:43","modified_gmt":"2023-03-12T21:46:43","slug":"shampooing-a-lail-3","status":"publish","type":"product","link":"https:\/\/www.lowell-beauty.com\/?product=shampooing-a-lail-3","title":{"rendered":"Shampooing \u00e0 l&#8217;aloe verra"},"content":{"rendered":"<p>Le shampooing \u00e0 l&#8217;aloe verra contient une vari\u00e9t\u00e9 de vitamines telles que vitamine A, la vitamine C, la vitamine E, la vitamine B12 et l&#8217;acide folique, qui contribuent \u00e0 la douceur et \u00e0 la nutrition des cheveux et prot\u00e9gent le cuir chevelu des infections et des probl\u00e9mes fongiques.<\/p>\n<p>Ingr\u00e9dients italiens et formule 100% originale sous licence espagnole.<\/p>\n","protected":false},"excerpt":{"rendered":"<p>REPAIR SPLIT ENDS, PREVENT FUTURE BREAKAGE<\/p>\n<p>While you can&#8217;t always run to the salon every time you see split ends, you can seal them with Pantene Pro-V Miracle Rescue Split End Repair Serum. Made with hydrating nutrients, this formula powerfully smooths split ends and quenches parched locks from the inside out. The miracle serum melts into your hair to not only hydrate but repair and prevent future damage. The best part? It is weightless so you don&#8217;t have to worry about losing volume and bounce. After consistent use, you&#8217;ll see a noticeably beautiful difference. Soon, you&#8217;ll have your healthiest, shiniest hair yet.<\/p>\n","protected":false},"featured_media":365,"comment_status":"open","ping_status":"closed","template":"","meta":[],"product_cat":[20],"product_tag":[],"class_list":{"0":"post-300","1":"product","2":"type-product","3":"status-publish","4":"has-post-thumbnail","6":"product_cat-shampooing","8":"entry","9":"has-media","11":"first","12":"instock","13":"shipping-taxable","14":"product-type-simple","15":"has-product-nav","16":"col","17":"span_1_of_5","18":"owp-content-center","19":"owp-thumbs-layout-vertical","20":"owp-btn-normal","21":"owp-tabs-layout-horizontal"},"_links":{"self":[{"href":"https:\/\/www.lowell-beauty.com\/index.php?rest_route=\/wp\/v2\/product\/300","targetHints":{"allow":["GET"]}}],"collection":[{"href":"https:\/\/www.lowell-beauty.com\/index.php?rest_route=\/wp\/v2\/product"}],"about":[{"href":"https:\/\/www.lowell-beauty.com\/index.php?rest_route=\/wp\/v2\/types\/product"}],"replies":[{"embeddable":true,"href":"https:\/\/www.lowell-beauty.com\/index.php?rest_route=%2Fwp%2Fv2%2Fcomments&post=300"}],"wp:featuredmedia":[{"embeddable":true,"href":"https:\/\/www.lowell-beauty.com\/index.php?rest_route=\/wp\/v2\/media\/365"}],"wp:attachment":[{"href":"https:\/\/www.lowell-beauty.com\/index.php?rest_route=%2Fwp%2Fv2%2Fmedia&parent=300"}],"wp:term":[{"taxonomy":"product_cat","embeddable":true,"href":"https:\/\/www.lowell-beauty.com\/index.php?rest_route=%2Fwp%2Fv2%2Fproduct_cat&post=300"},{"taxonomy":"product_tag","embeddable":true,"href":"https:\/\/www.lowell-beauty.com\/index.php?rest_route=%2Fwp%2Fv2%2Fproduct_tag&post=300"}],"curies":[{"name":"wp","href":"https:\/\/api.w.org\/{rel}","templated":true}]}}