{"id":494,"date":"2023-06-01T09:52:30","date_gmt":"2023-06-01T09:52:30","guid":{"rendered":"https:\/\/www.lowell-beauty.com\/?post_type=product&#038;p=494"},"modified":"2024-11-21T15:05:04","modified_gmt":"2024-11-21T15:05:04","slug":"apres-shampooing-argan","status":"publish","type":"product","link":"https:\/\/www.lowell-beauty.com\/?product=apres-shampooing-argan","title":{"rendered":"Apr\u00e8s shampooing Argan"},"content":{"rendered":"<p>Cet apr\u00e8s shampooing \u00e0 l\u2019huile d\u2019argan lisse, nourrit et brille les cheveux secs.<\/p>\n","protected":false},"excerpt":{"rendered":"<p>Cet apr\u00e8s shampooing \u00e0 l\u2019huile d\u2019argan lisse, nourrit et brille les cheveux secs.<\/p>\n","protected":false},"featured_media":495,"comment_status":"open","ping_status":"closed","template":"","meta":[],"product_cat":[22],"product_tag":[],"class_list":{"0":"post-494","1":"product","2":"type-product","3":"status-publish","4":"has-post-thumbnail","6":"product_cat-apres-shampooing","8":"entry","9":"has-media","11":"first","12":"instock","13":"shipping-taxable","14":"product-type-simple","15":"has-product-nav","16":"col","17":"span_1_of_5","18":"owp-content-center","19":"owp-thumbs-layout-vertical","20":"owp-btn-normal","21":"owp-tabs-layout-horizontal"},"_links":{"self":[{"href":"https:\/\/www.lowell-beauty.com\/index.php?rest_route=\/wp\/v2\/product\/494","targetHints":{"allow":["GET"]}}],"collection":[{"href":"https:\/\/www.lowell-beauty.com\/index.php?rest_route=\/wp\/v2\/product"}],"about":[{"href":"https:\/\/www.lowell-beauty.com\/index.php?rest_route=\/wp\/v2\/types\/product"}],"replies":[{"embeddable":true,"href":"https:\/\/www.lowell-beauty.com\/index.php?rest_route=%2Fwp%2Fv2%2Fcomments&post=494"}],"wp:featuredmedia":[{"embeddable":true,"href":"https:\/\/www.lowell-beauty.com\/index.php?rest_route=\/wp\/v2\/media\/495"}],"wp:attachment":[{"href":"https:\/\/www.lowell-beauty.com\/index.php?rest_route=%2Fwp%2Fv2%2Fmedia&parent=494"}],"wp:term":[{"taxonomy":"product_cat","embeddable":true,"href":"https:\/\/www.lowell-beauty.com\/index.php?rest_route=%2Fwp%2Fv2%2Fproduct_cat&post=494"},{"taxonomy":"product_tag","embeddable":true,"href":"https:\/\/www.lowell-beauty.com\/index.php?rest_route=%2Fwp%2Fv2%2Fproduct_tag&post=494"}],"curies":[{"name":"wp","href":"https:\/\/api.w.org\/{rel}","templated":true}]}}