{"id":497,"date":"2023-06-01T09:54:08","date_gmt":"2023-06-01T09:54:08","guid":{"rendered":"https:\/\/www.lowell-beauty.com\/?post_type=product&#038;p=497"},"modified":"2025-11-16T18:14:56","modified_gmt":"2025-11-16T18:14:56","slug":"apres-shampooing-ail","status":"publish","type":"product","link":"https:\/\/www.lowell-beauty.com\/?product=apres-shampooing-ail","title":{"rendered":"Apr\u00e8s shampooing Ail"},"content":{"rendered":"<p>Cet apr\u00e8s shampooing \u00e0 l\u2019ail, sans sulfate, ni parab\u00e8ne est riche en \u00e9l\u00e9ment nutritif pour contr\u00f4ler la chute de vos cheveux et stimuler la pousse rapide de vos cheveux. Il hydrate et nourrit en profondeur vos cheveux.<\/p>\n","protected":false},"excerpt":{"rendered":"<p>Cet apr\u00e8s shampooing \u00e0 l\u2019ail, sans sulfate, ni parab\u00e8ne est riche en \u00e9l\u00e9ment nutritif pour contr\u00f4ler la chute de vos cheveux et stimuler la pousse rapide de vos cheveux. Il hydrate et nourrit en profondeur vos cheveux.<\/p>\n","protected":false},"featured_media":496,"comment_status":"open","ping_status":"closed","template":"","meta":[],"product_cat":[22],"product_tag":[],"class_list":{"0":"post-497","1":"product","2":"type-product","3":"status-publish","4":"has-post-thumbnail","6":"product_cat-apres-shampooing","8":"entry","9":"has-media","11":"first","12":"instock","13":"shipping-taxable","14":"product-type-simple","15":"has-product-nav","16":"col","17":"span_1_of_5","18":"owp-content-center","19":"owp-thumbs-layout-vertical","20":"owp-btn-normal","21":"owp-tabs-layout-horizontal"},"_links":{"self":[{"href":"https:\/\/www.lowell-beauty.com\/index.php?rest_route=\/wp\/v2\/product\/497","targetHints":{"allow":["GET"]}}],"collection":[{"href":"https:\/\/www.lowell-beauty.com\/index.php?rest_route=\/wp\/v2\/product"}],"about":[{"href":"https:\/\/www.lowell-beauty.com\/index.php?rest_route=\/wp\/v2\/types\/product"}],"replies":[{"embeddable":true,"href":"https:\/\/www.lowell-beauty.com\/index.php?rest_route=%2Fwp%2Fv2%2Fcomments&post=497"}],"wp:featuredmedia":[{"embeddable":true,"href":"https:\/\/www.lowell-beauty.com\/index.php?rest_route=\/wp\/v2\/media\/496"}],"wp:attachment":[{"href":"https:\/\/www.lowell-beauty.com\/index.php?rest_route=%2Fwp%2Fv2%2Fmedia&parent=497"}],"wp:term":[{"taxonomy":"product_cat","embeddable":true,"href":"https:\/\/www.lowell-beauty.com\/index.php?rest_route=%2Fwp%2Fv2%2Fproduct_cat&post=497"},{"taxonomy":"product_tag","embeddable":true,"href":"https:\/\/www.lowell-beauty.com\/index.php?rest_route=%2Fwp%2Fv2%2Fproduct_tag&post=497"}],"curies":[{"name":"wp","href":"https:\/\/api.w.org\/{rel}","templated":true}]}}