{"id":551,"date":"2024-01-25T00:26:10","date_gmt":"2024-01-25T00:26:10","guid":{"rendered":"https:\/\/www.lowell-beauty.com\/?post_type=product&#038;p=551"},"modified":"2024-01-25T00:26:10","modified_gmt":"2024-01-25T00:26:10","slug":"gel-intime-a-aloe-vera","status":"publish","type":"product","link":"https:\/\/www.lowell-beauty.com\/?product=gel-intime-a-aloe-vera","title":{"rendered":"Gel Intime \u00e0 Aloe Vera"},"content":{"rendered":"<p>D\u00e9couvrez notre Gel Intime \u00e0 l&#8217;Aloe Vera, une formule douce et apaisante sp\u00e9cialement con\u00e7ue pour prendre soin de votre zone intime. Enrichi en l&#8217;aloe vera bienfaisant, ce gel offre une hydratation d\u00e9licate tout en apaisant et en rafra\u00eechissant la peau. Sa texture l\u00e9g\u00e8re et non irritante assure une sensation de confort optimale, respectant l&#8217;\u00e9quilibre naturel de votre intimit\u00e9. Parfaitement adapt\u00e9 \u00e0 un usage quotidien, notre Gel Intime \u00e0 l&#8217;Aloe Vera laisse une sensation de fra\u00eecheur durable et contribue \u00e0 maintenir une peau apais\u00e9e et \u00e9quilibr\u00e9e. Optez pour le bien-\u00eatre quotidien avec notre gel intime sp\u00e9cialement formul\u00e9 pour prendre soin de vous en toute d\u00e9licatesse<\/p>\n","protected":false},"excerpt":{"rendered":"<p>D\u00e9couvrez notre Gel Intime \u00e0 l&#8217;Aloe Vera, une formule douce et apaisante sp\u00e9cialement con\u00e7ue pour prendre soin de votre zone intime. Enrichi en l&#8217;aloe vera bienfaisant, ce gel offre une hydratation d\u00e9licate tout en apaisant et en rafra\u00eechissant la peau. Sa texture l\u00e9g\u00e8re et non irritante assure une sensation de confort optimale, respectant l&#8217;\u00e9quilibre naturel de votre intimit\u00e9. Parfaitement adapt\u00e9 \u00e0 un usage quotidien, notre Gel Intime \u00e0 l&#8217;Aloe Vera laisse une sensation de fra\u00eecheur durable et contribue \u00e0 maintenir une peau apais\u00e9e et \u00e9quilibr\u00e9e. Optez pour le bien-\u00eatre quotidien avec notre gel intime sp\u00e9cialement formul\u00e9 pour prendre soin de vous en toute d\u00e9licatesse<\/p>\n","protected":false},"featured_media":552,"comment_status":"open","ping_status":"closed","template":"","meta":[],"product_cat":[23],"product_tag":[],"class_list":{"0":"post-551","1":"product","2":"type-product","3":"status-publish","4":"has-post-thumbnail","6":"product_cat-soins-intimes","8":"entry","9":"has-media","11":"first","12":"instock","13":"shipping-taxable","14":"product-type-simple","15":"has-product-nav","16":"col","17":"span_1_of_5","18":"owp-content-center","19":"owp-thumbs-layout-vertical","20":"owp-btn-normal","21":"owp-tabs-layout-horizontal","22":"has-no-thumbnails"},"_links":{"self":[{"href":"https:\/\/www.lowell-beauty.com\/index.php?rest_route=\/wp\/v2\/product\/551","targetHints":{"allow":["GET"]}}],"collection":[{"href":"https:\/\/www.lowell-beauty.com\/index.php?rest_route=\/wp\/v2\/product"}],"about":[{"href":"https:\/\/www.lowell-beauty.com\/index.php?rest_route=\/wp\/v2\/types\/product"}],"replies":[{"embeddable":true,"href":"https:\/\/www.lowell-beauty.com\/index.php?rest_route=%2Fwp%2Fv2%2Fcomments&post=551"}],"wp:featuredmedia":[{"embeddable":true,"href":"https:\/\/www.lowell-beauty.com\/index.php?rest_route=\/wp\/v2\/media\/552"}],"wp:attachment":[{"href":"https:\/\/www.lowell-beauty.com\/index.php?rest_route=%2Fwp%2Fv2%2Fmedia&parent=551"}],"wp:term":[{"taxonomy":"product_cat","embeddable":true,"href":"https:\/\/www.lowell-beauty.com\/index.php?rest_route=%2Fwp%2Fv2%2Fproduct_cat&post=551"},{"taxonomy":"product_tag","embeddable":true,"href":"https:\/\/www.lowell-beauty.com\/index.php?rest_route=%2Fwp%2Fv2%2Fproduct_tag&post=551"}],"curies":[{"name":"wp","href":"https:\/\/api.w.org\/{rel}","templated":true}]}}