{"id":562,"date":"2024-02-27T14:15:50","date_gmt":"2024-02-27T14:15:50","guid":{"rendered":"https:\/\/www.lowell-beauty.com\/?post_type=product&#038;p=562"},"modified":"2024-02-27T14:16:01","modified_gmt":"2024-02-27T14:16:01","slug":"apres-shampooing-cafe","status":"publish","type":"product","link":"https:\/\/www.lowell-beauty.com\/?product=apres-shampooing-cafe","title":{"rendered":"APR\u00c8S SHAMPOOING CAF\u00e9"},"content":{"rendered":"<p>L&#8217;apr\u00e8s-shampooing au caf\u00e9 offre une exp\u00e9rience capillaire stimulante et revitalisante. Sa formule unique, infus\u00e9e de caf\u00e9, d\u00e9m\u00eale efficacement les cheveux, les laissant doux et soyeux. Enrichi en propri\u00e9t\u00e9s hydratantes, cet apr\u00e8s-shampooing nourrit les cheveux tout en stimulant la circulation sanguine du cuir chevelu. Laissez-vous emporter par son parfum subtil de caf\u00e9, transformant votre routine capillaire en un moment \u00e9nergisant et agr\u00e9able. Offrez \u00e0 vos cheveux une nouvelle vie avec cet apr\u00e8s-shampooing au caf\u00e9.<\/p>\n","protected":false},"excerpt":{"rendered":"<p>L&#8217;apr\u00e8s-shampooing au caf\u00e9 offre une exp\u00e9rience capillaire stimulante et revitalisante. Sa formule unique, infus\u00e9e de caf\u00e9, d\u00e9m\u00eale efficacement les cheveux, les laissant doux et soyeux. Enrichi en propri\u00e9t\u00e9s hydratantes, cet apr\u00e8s-shampooing nourrit les cheveux tout en stimulant la circulation sanguine du cuir chevelu. Laissez-vous emporter par son parfum subtil de caf\u00e9, transformant votre routine capillaire [&hellip;]<\/p>\n","protected":false},"featured_media":563,"comment_status":"open","ping_status":"closed","template":"","meta":[],"product_cat":[22],"product_tag":[],"class_list":{"0":"post-562","1":"product","2":"type-product","3":"status-publish","4":"has-post-thumbnail","6":"product_cat-apres-shampooing","8":"entry","9":"has-media","11":"first","12":"instock","13":"shipping-taxable","14":"product-type-simple","15":"has-product-nav","16":"col","17":"span_1_of_5","18":"owp-content-center","19":"owp-thumbs-layout-vertical","20":"owp-btn-normal","21":"owp-tabs-layout-horizontal","22":"has-no-thumbnails"},"_links":{"self":[{"href":"https:\/\/www.lowell-beauty.com\/index.php?rest_route=\/wp\/v2\/product\/562","targetHints":{"allow":["GET"]}}],"collection":[{"href":"https:\/\/www.lowell-beauty.com\/index.php?rest_route=\/wp\/v2\/product"}],"about":[{"href":"https:\/\/www.lowell-beauty.com\/index.php?rest_route=\/wp\/v2\/types\/product"}],"replies":[{"embeddable":true,"href":"https:\/\/www.lowell-beauty.com\/index.php?rest_route=%2Fwp%2Fv2%2Fcomments&post=562"}],"wp:featuredmedia":[{"embeddable":true,"href":"https:\/\/www.lowell-beauty.com\/index.php?rest_route=\/wp\/v2\/media\/563"}],"wp:attachment":[{"href":"https:\/\/www.lowell-beauty.com\/index.php?rest_route=%2Fwp%2Fv2%2Fmedia&parent=562"}],"wp:term":[{"taxonomy":"product_cat","embeddable":true,"href":"https:\/\/www.lowell-beauty.com\/index.php?rest_route=%2Fwp%2Fv2%2Fproduct_cat&post=562"},{"taxonomy":"product_tag","embeddable":true,"href":"https:\/\/www.lowell-beauty.com\/index.php?rest_route=%2Fwp%2Fv2%2Fproduct_tag&post=562"}],"curies":[{"name":"wp","href":"https:\/\/api.w.org\/{rel}","templated":true}]}}