{"id":564,"date":"2024-02-27T14:18:42","date_gmt":"2024-02-27T14:18:42","guid":{"rendered":"https:\/\/www.lowell-beauty.com\/?post_type=product&#038;p=564"},"modified":"2024-02-27T14:18:42","modified_gmt":"2024-02-27T14:18:42","slug":"masque-coffee","status":"publish","type":"product","link":"https:\/\/www.lowell-beauty.com\/?product=masque-coffee","title":{"rendered":"Masque coffee"},"content":{"rendered":"<p>Le masque capillaire au caf\u00e9 offre une exp\u00e9rience de soin intense pour vos cheveux. Infus\u00e9 de caf\u00e9, ce masque nourrit en profondeur, r\u00e9parant les cheveux ab\u00eem\u00e9s et leur redonnant vitalit\u00e9. Sa formule hydratante et revitalisante laisse les cheveux doux, soyeux et plus faciles \u00e0 coiffer. Profitez des bienfaits stimulants du caf\u00e9 qui favorisent \u00e9galement la croissance capillaire. Offrez \u00e0 vos cheveux un traitement revitalisant avec ce masque au caf\u00e9, pour une chevelure \u00e9clatante de sant\u00e9 et de brillance.<\/p>\n","protected":false},"excerpt":{"rendered":"<p>Le masque capillaire au caf\u00e9 offre une exp\u00e9rience de soin intense pour vos cheveux. Infus\u00e9 de caf\u00e9, ce masque nourrit en profondeur, r\u00e9parant les cheveux ab\u00eem\u00e9s et leur redonnant vitalit\u00e9. Sa formule hydratante et revitalisante laisse les cheveux doux, soyeux et plus faciles \u00e0 coiffer. Profitez des bienfaits stimulants du caf\u00e9 qui favorisent \u00e9galement la [&hellip;]<\/p>\n","protected":false},"featured_media":565,"comment_status":"open","ping_status":"closed","template":"","meta":[],"product_cat":[18],"product_tag":[],"class_list":{"0":"post-564","1":"product","2":"type-product","3":"status-publish","4":"has-post-thumbnail","6":"product_cat-uncategorized","8":"entry","9":"has-media","11":"first","12":"instock","13":"shipping-taxable","14":"product-type-simple","15":"has-product-nav","16":"col","17":"span_1_of_5","18":"owp-content-center","19":"owp-thumbs-layout-vertical","20":"owp-btn-normal","21":"owp-tabs-layout-horizontal","22":"has-no-thumbnails"},"_links":{"self":[{"href":"https:\/\/www.lowell-beauty.com\/index.php?rest_route=\/wp\/v2\/product\/564","targetHints":{"allow":["GET"]}}],"collection":[{"href":"https:\/\/www.lowell-beauty.com\/index.php?rest_route=\/wp\/v2\/product"}],"about":[{"href":"https:\/\/www.lowell-beauty.com\/index.php?rest_route=\/wp\/v2\/types\/product"}],"replies":[{"embeddable":true,"href":"https:\/\/www.lowell-beauty.com\/index.php?rest_route=%2Fwp%2Fv2%2Fcomments&post=564"}],"wp:featuredmedia":[{"embeddable":true,"href":"https:\/\/www.lowell-beauty.com\/index.php?rest_route=\/wp\/v2\/media\/565"}],"wp:attachment":[{"href":"https:\/\/www.lowell-beauty.com\/index.php?rest_route=%2Fwp%2Fv2%2Fmedia&parent=564"}],"wp:term":[{"taxonomy":"product_cat","embeddable":true,"href":"https:\/\/www.lowell-beauty.com\/index.php?rest_route=%2Fwp%2Fv2%2Fproduct_cat&post=564"},{"taxonomy":"product_tag","embeddable":true,"href":"https:\/\/www.lowell-beauty.com\/index.php?rest_route=%2Fwp%2Fv2%2Fproduct_tag&post=564"}],"curies":[{"name":"wp","href":"https:\/\/api.w.org\/{rel}","templated":true}]}}