{"id":566,"date":"2024-02-27T14:20:05","date_gmt":"2024-02-27T14:20:05","guid":{"rendered":"https:\/\/www.lowell-beauty.com\/?post_type=product&#038;p=566"},"modified":"2024-02-27T14:20:05","modified_gmt":"2024-02-27T14:20:05","slug":"shampooing-coffee","status":"publish","type":"product","link":"https:\/\/www.lowell-beauty.com\/?product=shampooing-coffee","title":{"rendered":"Shampooing coffee"},"content":{"rendered":"<p>Le shampooing au caf\u00e9 offre une exp\u00e9rience de nettoyage \u00e9nergisante pour vos cheveux. Infus\u00e9 avec les propri\u00e9t\u00e9s stimulantes du caf\u00e9, ce shampooing nettoie en douceur tout en revitalisant les cheveux. Sa formule unique \u00e9limine les impuret\u00e9s tout en pr\u00e9servant l&#8217;hydratation naturelle des cheveux, laissant une sensation de fra\u00eecheur et de propret\u00e9. Appr\u00e9ciez le parfum d\u00e9licat du caf\u00e9 qui persiste apr\u00e8s le lavage, procurant une exp\u00e9rience sensorielle agr\u00e9able. Transformez votre routine capillaire quotidienne avec ce shampooing au caf\u00e9, pour des cheveux propres, revitalis\u00e9s et d\u00e9licatement parfum\u00e9s.<\/p>\n","protected":false},"excerpt":{"rendered":"<p>Le shampooing au caf\u00e9 offre une exp\u00e9rience de nettoyage \u00e9nergisante pour vos cheveux. Infus\u00e9 avec les propri\u00e9t\u00e9s stimulantes du caf\u00e9, ce shampooing nettoie en douceur tout en revitalisant les cheveux. Sa formule unique \u00e9limine les impuret\u00e9s tout en pr\u00e9servant l&#8217;hydratation naturelle des cheveux, laissant une sensation de fra\u00eecheur et de propret\u00e9. Appr\u00e9ciez le parfum d\u00e9licat [&hellip;]<\/p>\n","protected":false},"featured_media":567,"comment_status":"open","ping_status":"closed","template":"","meta":[],"product_cat":[20],"product_tag":[],"class_list":{"0":"post-566","1":"product","2":"type-product","3":"status-publish","4":"has-post-thumbnail","6":"product_cat-shampooing","8":"entry","9":"has-media","11":"first","12":"instock","13":"shipping-taxable","14":"product-type-simple","15":"has-product-nav","16":"col","17":"span_1_of_5","18":"owp-content-center","19":"owp-thumbs-layout-vertical","20":"owp-btn-normal","21":"owp-tabs-layout-horizontal","22":"has-no-thumbnails"},"_links":{"self":[{"href":"https:\/\/www.lowell-beauty.com\/index.php?rest_route=\/wp\/v2\/product\/566","targetHints":{"allow":["GET"]}}],"collection":[{"href":"https:\/\/www.lowell-beauty.com\/index.php?rest_route=\/wp\/v2\/product"}],"about":[{"href":"https:\/\/www.lowell-beauty.com\/index.php?rest_route=\/wp\/v2\/types\/product"}],"replies":[{"embeddable":true,"href":"https:\/\/www.lowell-beauty.com\/index.php?rest_route=%2Fwp%2Fv2%2Fcomments&post=566"}],"wp:featuredmedia":[{"embeddable":true,"href":"https:\/\/www.lowell-beauty.com\/index.php?rest_route=\/wp\/v2\/media\/567"}],"wp:attachment":[{"href":"https:\/\/www.lowell-beauty.com\/index.php?rest_route=%2Fwp%2Fv2%2Fmedia&parent=566"}],"wp:term":[{"taxonomy":"product_cat","embeddable":true,"href":"https:\/\/www.lowell-beauty.com\/index.php?rest_route=%2Fwp%2Fv2%2Fproduct_cat&post=566"},{"taxonomy":"product_tag","embeddable":true,"href":"https:\/\/www.lowell-beauty.com\/index.php?rest_route=%2Fwp%2Fv2%2Fproduct_tag&post=566"}],"curies":[{"name":"wp","href":"https:\/\/api.w.org\/{rel}","templated":true}]}}